{"id":5,"date":"2023-12-13T00:20:56","date_gmt":"2023-12-13T03:20:56","guid":{"rendered":"https:\/\/osbacanas.com.br\/?page_id=5"},"modified":"2023-12-13T10:52:46","modified_gmt":"2023-12-13T13:52:46","slug":"os-bacanas-garcons-e-equipe-para-eventos","status":"publish","type":"page","link":"https:\/\/osbacanas.com.br\/","title":{"rendered":"Os Bacanas &#8211; Gar\u00e7ons e Equipe para Eventos"},"content":{"rendered":"\t\t<div data-elementor-type=\"wp-page\" data-elementor-id=\"5\" class=\"elementor elementor-5\">\n\t\t\t\t\t\t\t<div class=\"elementor-element elementor-element-d57e300 e-con-full e-flex e-con e-parent\" data-id=\"d57e300\" data-element_type=\"container\" data-settings=\"{&quot;content_width&quot;:&quot;full&quot;}\" data-core-v316-plus=\"true\">\n\t\t\t\t<div class=\"elementor-element elementor-element-beddbbd elementor-widget elementor-widget-image\" data-id=\"beddbbd\" data-element_type=\"widget\" data-widget_type=\"image.default\">\n\t\t\t\t<div class=\"elementor-widget-container\">\n\t\t\t<style>\/*! elementor - v3.18.0 - 20-12-2023 *\/\n.elementor-widget-image{text-align:center}.elementor-widget-image a{display:inline-block}.elementor-widget-image a img[src$=\".svg\"]{width:48px}.elementor-widget-image img{vertical-align:middle;display:inline-block}<\/style>\t\t\t\t\t\t\t\t\t\t\t\t<img decoding=\"async\" width=\"242\" height=\"180\" src=\"https:\/\/osbacanas.com.br\/wp-content\/uploads\/2023\/12\/logo-novo.jpg\" class=\"attachment-large size-large wp-image-9\" alt=\"\" \/>\t\t\t\t\t\t\t\t\t\t\t\t\t\t\t<\/div>\n\t\t\t\t<\/div>\n\t\t\t\t<div class=\"elementor-element elementor-element-4843b93 elementor-widget elementor-widget-heading\" data-id=\"4843b93\" data-element_type=\"widget\" data-widget_type=\"heading.default\">\n\t\t\t\t<div class=\"elementor-widget-container\">\n\t\t\t<style>\/*! elementor - v3.18.0 - 20-12-2023 *\/\n.elementor-heading-title{padding:0;margin:0;line-height:1}.elementor-widget-heading .elementor-heading-title[class*=elementor-size-]>a{color:inherit;font-size:inherit;line-height:inherit}.elementor-widget-heading .elementor-heading-title.elementor-size-small{font-size:15px}.elementor-widget-heading .elementor-heading-title.elementor-size-medium{font-size:19px}.elementor-widget-heading .elementor-heading-title.elementor-size-large{font-size:29px}.elementor-widget-heading .elementor-heading-title.elementor-size-xl{font-size:39px}.elementor-widget-heading .elementor-heading-title.elementor-size-xxl{font-size:59px}<\/style><h2 class=\"elementor-heading-title elementor-size-default\">\nEstamos fazendo mudan\u00e7as aqui.<\/h2>\t\t<\/div>\n\t\t\t\t<\/div>\n\t\t\t\t<div class=\"elementor-element elementor-element-1f8fc62 elementor-widget elementor-widget-heading\" data-id=\"1f8fc62\" data-element_type=\"widget\" data-widget_type=\"heading.default\">\n\t\t\t\t<div class=\"elementor-widget-container\">\n\t\t\t<h2 class=\"elementor-heading-title elementor-size-default\">\n29 anos de Experi\u00eancia em oferecer a melhor<br>Equipe para Eventos de S\u00e3o Paulo <\/h2>\t\t<\/div>\n\t\t\t\t<\/div>\n\t\t\t\t<div class=\"elementor-element elementor-element-c1019c6 elementor-align-center elementor-widget elementor-widget-button\" data-id=\"c1019c6\" data-element_type=\"widget\" data-widget_type=\"button.default\">\n\t\t\t\t<div class=\"elementor-widget-container\">\n\t\t\t\t\t<div class=\"elementor-button-wrapper\">\n\t\t\t<a class=\"elementor-button elementor-button-link elementor-size-sm\" href=\"https:\/\/wa.me\/5511947793483\" target=\"_blank\">\n\t\t\t\t\t\t<span class=\"elementor-button-content-wrapper\">\n\t\t\t\t\t\t<span class=\"elementor-button-icon elementor-align-icon-left\">\n\t\t\t\t<svg aria-hidden=\"true\" class=\"e-font-icon-svg e-fab-whatsapp\" viewBox=\"0 0 448 512\" xmlns=\"http:\/\/www.w3.org\/2000\/svg\"><path d=\"M380.9 97.1C339 55.1 283.2 32 223.9 32c-122.4 0-222 99.6-222 222 0 39.1 10.2 77.3 29.6 111L0 480l117.7-30.9c32.4 17.7 68.9 27 106.1 27h.1c122.3 0 224.1-99.6 224.1-222 0-59.3-25.2-115-67.1-157zm-157 341.6c-33.2 0-65.7-8.9-94-25.7l-6.7-4-69.8 18.3L72 359.2l-4.4-7c-18.5-29.4-28.2-63.3-28.2-98.2 0-101.7 82.8-184.5 184.6-184.5 49.3 0 95.6 19.2 130.4 54.1 34.8 34.9 56.2 81.2 56.1 130.5 0 101.8-84.9 184.6-186.6 184.6zm101.2-138.2c-5.5-2.8-32.8-16.2-37.9-18-5.1-1.9-8.8-2.8-12.5 2.8-3.7 5.6-14.3 18-17.6 21.8-3.2 3.7-6.5 4.2-12 1.4-32.6-16.3-54-29.1-75.5-66-5.7-9.8 5.7-9.1 16.3-30.3 1.8-3.7.9-6.9-.5-9.7-1.4-2.8-12.5-30.1-17.1-41.2-4.5-10.8-9.1-9.3-12.5-9.5-3.2-.2-6.9-.2-10.6-.2-3.7 0-9.7 1.4-14.8 6.9-5.1 5.6-19.4 19-19.4 46.3 0 27.3 19.9 53.7 22.6 57.4 2.8 3.7 39.1 59.7 94.8 83.8 35.2 15.2 49 16.5 66.6 13.9 10.7-1.6 32.8-13.4 37.4-26.4 4.6-13 4.6-24.1 3.2-26.4-1.3-2.5-5-3.9-10.5-6.6z\"><\/path><\/svg>\t\t\t<\/span>\n\t\t\t\t\t\t<span class=\"elementor-button-text\">D\u00favidas e Or\u00e7amentos<\/span>\n\t\t<\/span>\n\t\t\t\t\t<\/a>\n\t\t<\/div>\n\t\t\t\t<\/div>\n\t\t\t\t<\/div>\n\t\t\t\t<div class=\"elementor-element elementor-element-a25bf8f gallery-spacing-custom elementor-widget elementor-widget-image-gallery\" data-id=\"a25bf8f\" data-element_type=\"widget\" data-widget_type=\"image-gallery.default\">\n\t\t\t\t<div class=\"elementor-widget-container\">\n\t\t\t<style>\/*! elementor - v3.18.0 - 20-12-2023 *\/\n.elementor-image-gallery .gallery-item{display:inline-block;text-align:center;vertical-align:top;width:100%;max-width:100%;margin:0 auto}.elementor-image-gallery .gallery-item img{margin:0 auto}.elementor-image-gallery .gallery-item .gallery-caption{margin:0}.elementor-image-gallery figure img{display:block}.elementor-image-gallery figure figcaption{width:100%}.gallery-spacing-custom .elementor-image-gallery .gallery-icon{padding:0}@media (min-width:768px){.elementor-image-gallery .gallery-columns-2 .gallery-item{max-width:50%}.elementor-image-gallery .gallery-columns-3 .gallery-item{max-width:33.33%}.elementor-image-gallery .gallery-columns-4 .gallery-item{max-width:25%}.elementor-image-gallery .gallery-columns-5 .gallery-item{max-width:20%}.elementor-image-gallery .gallery-columns-6 .gallery-item{max-width:16.666%}.elementor-image-gallery .gallery-columns-7 .gallery-item{max-width:14.28%}.elementor-image-gallery .gallery-columns-8 .gallery-item{max-width:12.5%}.elementor-image-gallery .gallery-columns-9 .gallery-item{max-width:11.11%}.elementor-image-gallery .gallery-columns-10 .gallery-item{max-width:10%}}@media (min-width:480px) and (max-width:767px){.elementor-image-gallery .gallery.gallery-columns-2 .gallery-item,.elementor-image-gallery .gallery.gallery-columns-3 .gallery-item,.elementor-image-gallery .gallery.gallery-columns-4 .gallery-item,.elementor-image-gallery .gallery.gallery-columns-5 .gallery-item,.elementor-image-gallery .gallery.gallery-columns-6 .gallery-item,.elementor-image-gallery .gallery.gallery-columns-7 .gallery-item,.elementor-image-gallery .gallery.gallery-columns-8 .gallery-item,.elementor-image-gallery .gallery.gallery-columns-9 .gallery-item,.elementor-image-gallery .gallery.gallery-columns-10 .gallery-item{max-width:50%}}@media (max-width:479px){.elementor-image-gallery .gallery.gallery-columns-2 .gallery-item,.elementor-image-gallery .gallery.gallery-columns-3 .gallery-item,.elementor-image-gallery .gallery.gallery-columns-4 .gallery-item,.elementor-image-gallery .gallery.gallery-columns-5 .gallery-item,.elementor-image-gallery .gallery.gallery-columns-6 .gallery-item,.elementor-image-gallery .gallery.gallery-columns-7 .gallery-item,.elementor-image-gallery .gallery.gallery-columns-8 .gallery-item,.elementor-image-gallery .gallery.gallery-columns-9 .gallery-item,.elementor-image-gallery .gallery.gallery-columns-10 .gallery-item{max-width:100%}}<\/style>\t\t<div class=\"elementor-image-gallery\">\n\t\t\t<div id='gallery-1' class='gallery galleryid-5 gallery-columns-4 gallery-size-full'><figure class='gallery-item'>\n\t\t\t<div class='gallery-icon landscape'>\n\t\t\t\t<a data-elementor-open-lightbox=\"yes\" data-elementor-lightbox-slideshow=\"a25bf8f\" data-elementor-lightbox-title=\"125340455_375334107133960_3786936104071948847_n\" data-e-action-hash=\"#elementor-action%3Aaction%3Dlightbox%26settings%3DeyJpZCI6MTMsInVybCI6Imh0dHBzOlwvXC9vc2JhY2FuYXMuY29tLmJyXC93cC1jb250ZW50XC91cGxvYWRzXC8yMDIzXC8xMlwvMTI1MzQwNDU1XzM3NTMzNDEwNzEzMzk2MF8zNzg2OTM2MTA0MDcxOTQ4ODQ3X24uanBnIiwic2xpZGVzaG93IjoiYTI1YmY4ZiJ9\" href='https:\/\/osbacanas.com.br\/wp-content\/uploads\/2023\/12\/125340455_375334107133960_3786936104071948847_n.jpg'><img fetchpriority=\"high\" decoding=\"async\" width=\"960\" height=\"960\" src=\"https:\/\/osbacanas.com.br\/wp-content\/uploads\/2023\/12\/125340455_375334107133960_3786936104071948847_n.jpg\" class=\"attachment-full size-full\" alt=\"\" srcset=\"https:\/\/osbacanas.com.br\/wp-content\/uploads\/2023\/12\/125340455_375334107133960_3786936104071948847_n.jpg 960w, https:\/\/osbacanas.com.br\/wp-content\/uploads\/2023\/12\/125340455_375334107133960_3786936104071948847_n-300x300.jpg 300w, https:\/\/osbacanas.com.br\/wp-content\/uploads\/2023\/12\/125340455_375334107133960_3786936104071948847_n-150x150.jpg 150w, https:\/\/osbacanas.com.br\/wp-content\/uploads\/2023\/12\/125340455_375334107133960_3786936104071948847_n-768x768.jpg 768w\" sizes=\"(max-width: 960px) 100vw, 960px\" \/><\/a>\n\t\t\t<\/div><\/figure><figure class='gallery-item'>\n\t\t\t<div class='gallery-icon landscape'>\n\t\t\t\t<a data-elementor-open-lightbox=\"yes\" data-elementor-lightbox-slideshow=\"a25bf8f\" data-elementor-lightbox-title=\"87421972_808647536284112_1799662722766733447_n\" data-e-action-hash=\"#elementor-action%3Aaction%3Dlightbox%26settings%3DeyJpZCI6MTEsInVybCI6Imh0dHBzOlwvXC9vc2JhY2FuYXMuY29tLmJyXC93cC1jb250ZW50XC91cGxvYWRzXC8yMDIzXC8xMlwvODc0MjE5NzJfODA4NjQ3NTM2Mjg0MTEyXzE3OTk2NjI3MjI3NjY3MzM0NDdfbi5qcGciLCJzbGlkZXNob3ciOiJhMjViZjhmIn0%3D\" href='https:\/\/osbacanas.com.br\/wp-content\/uploads\/2023\/12\/87421972_808647536284112_1799662722766733447_n.jpg'><img decoding=\"async\" width=\"1080\" height=\"1080\" src=\"https:\/\/osbacanas.com.br\/wp-content\/uploads\/2023\/12\/87421972_808647536284112_1799662722766733447_n.jpg\" class=\"attachment-full size-full\" alt=\"\" srcset=\"https:\/\/osbacanas.com.br\/wp-content\/uploads\/2023\/12\/87421972_808647536284112_1799662722766733447_n.jpg 1080w, https:\/\/osbacanas.com.br\/wp-content\/uploads\/2023\/12\/87421972_808647536284112_1799662722766733447_n-300x300.jpg 300w, https:\/\/osbacanas.com.br\/wp-content\/uploads\/2023\/12\/87421972_808647536284112_1799662722766733447_n-1024x1024.jpg 1024w, https:\/\/osbacanas.com.br\/wp-content\/uploads\/2023\/12\/87421972_808647536284112_1799662722766733447_n-150x150.jpg 150w, https:\/\/osbacanas.com.br\/wp-content\/uploads\/2023\/12\/87421972_808647536284112_1799662722766733447_n-768x768.jpg 768w\" sizes=\"(max-width: 1080px) 100vw, 1080px\" \/><\/a>\n\t\t\t<\/div><\/figure><figure class='gallery-item'>\n\t\t\t<div class='gallery-icon landscape'>\n\t\t\t\t<a data-elementor-open-lightbox=\"yes\" data-elementor-lightbox-slideshow=\"a25bf8f\" data-elementor-lightbox-title=\"243211346_1783968111803144_216849391294678217_n\" data-e-action-hash=\"#elementor-action%3Aaction%3Dlightbox%26settings%3DeyJpZCI6MTIsInVybCI6Imh0dHBzOlwvXC9vc2JhY2FuYXMuY29tLmJyXC93cC1jb250ZW50XC91cGxvYWRzXC8yMDIzXC8xMlwvMjQzMjExMzQ2XzE3ODM5NjgxMTE4MDMxNDRfMjE2ODQ5MzkxMjk0Njc4MjE3X24uanBnIiwic2xpZGVzaG93IjoiYTI1YmY4ZiJ9\" href='https:\/\/osbacanas.com.br\/wp-content\/uploads\/2023\/12\/243211346_1783968111803144_216849391294678217_n.jpg'><img loading=\"lazy\" decoding=\"async\" width=\"1080\" height=\"1080\" src=\"https:\/\/osbacanas.com.br\/wp-content\/uploads\/2023\/12\/243211346_1783968111803144_216849391294678217_n.jpg\" class=\"attachment-full size-full\" alt=\"\" srcset=\"https:\/\/osbacanas.com.br\/wp-content\/uploads\/2023\/12\/243211346_1783968111803144_216849391294678217_n.jpg 1080w, https:\/\/osbacanas.com.br\/wp-content\/uploads\/2023\/12\/243211346_1783968111803144_216849391294678217_n-300x300.jpg 300w, https:\/\/osbacanas.com.br\/wp-content\/uploads\/2023\/12\/243211346_1783968111803144_216849391294678217_n-1024x1024.jpg 1024w, https:\/\/osbacanas.com.br\/wp-content\/uploads\/2023\/12\/243211346_1783968111803144_216849391294678217_n-150x150.jpg 150w, https:\/\/osbacanas.com.br\/wp-content\/uploads\/2023\/12\/243211346_1783968111803144_216849391294678217_n-768x768.jpg 768w\" sizes=\"(max-width: 1080px) 100vw, 1080px\" \/><\/a>\n\t\t\t<\/div><\/figure><figure class='gallery-item'>\n\t\t\t<div class='gallery-icon landscape'>\n\t\t\t\t<a data-elementor-open-lightbox=\"yes\" data-elementor-lightbox-slideshow=\"a25bf8f\" data-elementor-lightbox-title=\"318590228_1359240981516891_1672965723330110389_n\" data-e-action-hash=\"#elementor-action%3Aaction%3Dlightbox%26settings%3DeyJpZCI6MTYsInVybCI6Imh0dHBzOlwvXC9vc2JhY2FuYXMuY29tLmJyXC93cC1jb250ZW50XC91cGxvYWRzXC8yMDIzXC8xMlwvMzE4NTkwMjI4XzEzNTkyNDA5ODE1MTY4OTFfMTY3Mjk2NTcyMzMzMDExMDM4OV9uLmpwZyIsInNsaWRlc2hvdyI6ImEyNWJmOGYifQ%3D%3D\" href='https:\/\/osbacanas.com.br\/wp-content\/uploads\/2023\/12\/318590228_1359240981516891_1672965723330110389_n.jpg'><img loading=\"lazy\" decoding=\"async\" width=\"1080\" height=\"1080\" src=\"https:\/\/osbacanas.com.br\/wp-content\/uploads\/2023\/12\/318590228_1359240981516891_1672965723330110389_n.jpg\" class=\"attachment-full size-full\" alt=\"\" srcset=\"https:\/\/osbacanas.com.br\/wp-content\/uploads\/2023\/12\/318590228_1359240981516891_1672965723330110389_n.jpg 1080w, https:\/\/osbacanas.com.br\/wp-content\/uploads\/2023\/12\/318590228_1359240981516891_1672965723330110389_n-300x300.jpg 300w, https:\/\/osbacanas.com.br\/wp-content\/uploads\/2023\/12\/318590228_1359240981516891_1672965723330110389_n-1024x1024.jpg 1024w, https:\/\/osbacanas.com.br\/wp-content\/uploads\/2023\/12\/318590228_1359240981516891_1672965723330110389_n-150x150.jpg 150w, https:\/\/osbacanas.com.br\/wp-content\/uploads\/2023\/12\/318590228_1359240981516891_1672965723330110389_n-768x768.jpg 768w\" sizes=\"(max-width: 1080px) 100vw, 1080px\" \/><\/a>\n\t\t\t<\/div><\/figure><figure class='gallery-item'>\n\t\t\t<div class='gallery-icon landscape'>\n\t\t\t\t<a data-elementor-open-lightbox=\"yes\" data-elementor-lightbox-slideshow=\"a25bf8f\" data-elementor-lightbox-title=\"351240906_212371251685598_8946440322594198897_n\" data-e-action-hash=\"#elementor-action%3Aaction%3Dlightbox%26settings%3DeyJpZCI6MTcsInVybCI6Imh0dHBzOlwvXC9vc2JhY2FuYXMuY29tLmJyXC93cC1jb250ZW50XC91cGxvYWRzXC8yMDIzXC8xMlwvMzUxMjQwOTA2XzIxMjM3MTI1MTY4NTU5OF84OTQ2NDQwMzIyNTk0MTk4ODk3X24uanBnIiwic2xpZGVzaG93IjoiYTI1YmY4ZiJ9\" href='https:\/\/osbacanas.com.br\/wp-content\/uploads\/2023\/12\/351240906_212371251685598_8946440322594198897_n.jpg'><img loading=\"lazy\" decoding=\"async\" width=\"1080\" height=\"1080\" src=\"https:\/\/osbacanas.com.br\/wp-content\/uploads\/2023\/12\/351240906_212371251685598_8946440322594198897_n.jpg\" class=\"attachment-full size-full\" alt=\"\" srcset=\"https:\/\/osbacanas.com.br\/wp-content\/uploads\/2023\/12\/351240906_212371251685598_8946440322594198897_n.jpg 1080w, https:\/\/osbacanas.com.br\/wp-content\/uploads\/2023\/12\/351240906_212371251685598_8946440322594198897_n-300x300.jpg 300w, https:\/\/osbacanas.com.br\/wp-content\/uploads\/2023\/12\/351240906_212371251685598_8946440322594198897_n-1024x1024.jpg 1024w, https:\/\/osbacanas.com.br\/wp-content\/uploads\/2023\/12\/351240906_212371251685598_8946440322594198897_n-150x150.jpg 150w, https:\/\/osbacanas.com.br\/wp-content\/uploads\/2023\/12\/351240906_212371251685598_8946440322594198897_n-768x768.jpg 768w\" sizes=\"(max-width: 1080px) 100vw, 1080px\" \/><\/a>\n\t\t\t<\/div><\/figure><figure class='gallery-item'>\n\t\t\t<div class='gallery-icon landscape'>\n\t\t\t\t<a data-elementor-open-lightbox=\"yes\" data-elementor-lightbox-slideshow=\"a25bf8f\" data-elementor-lightbox-title=\"43351289_2372267656350594_402018195366505624_n\" data-e-action-hash=\"#elementor-action%3Aaction%3Dlightbox%26settings%3DeyJpZCI6MTAsInVybCI6Imh0dHBzOlwvXC9vc2JhY2FuYXMuY29tLmJyXC93cC1jb250ZW50XC91cGxvYWRzXC8yMDIzXC8xMlwvNDMzNTEyODlfMjM3MjI2NzY1NjM1MDU5NF80MDIwMTgxOTUzNjY1MDU2MjRfbi5qcGciLCJzbGlkZXNob3ciOiJhMjViZjhmIn0%3D\" href='https:\/\/osbacanas.com.br\/wp-content\/uploads\/2023\/12\/43351289_2372267656350594_402018195366505624_n.jpg'><img loading=\"lazy\" decoding=\"async\" width=\"846\" height=\"733\" src=\"https:\/\/osbacanas.com.br\/wp-content\/uploads\/2023\/12\/43351289_2372267656350594_402018195366505624_n.jpg\" class=\"attachment-full size-full\" alt=\"\" srcset=\"https:\/\/osbacanas.com.br\/wp-content\/uploads\/2023\/12\/43351289_2372267656350594_402018195366505624_n.jpg 846w, https:\/\/osbacanas.com.br\/wp-content\/uploads\/2023\/12\/43351289_2372267656350594_402018195366505624_n-300x260.jpg 300w, https:\/\/osbacanas.com.br\/wp-content\/uploads\/2023\/12\/43351289_2372267656350594_402018195366505624_n-768x665.jpg 768w\" sizes=\"(max-width: 846px) 100vw, 846px\" \/><\/a>\n\t\t\t<\/div><\/figure><figure class='gallery-item'>\n\t\t\t<div class='gallery-icon landscape'>\n\t\t\t\t<a data-elementor-open-lightbox=\"yes\" data-elementor-lightbox-slideshow=\"a25bf8f\" data-elementor-lightbox-title=\"276084915_753446826013680_181976352787945255_n\" data-e-action-hash=\"#elementor-action%3Aaction%3Dlightbox%26settings%3DeyJpZCI6MTQsInVybCI6Imh0dHBzOlwvXC9vc2JhY2FuYXMuY29tLmJyXC93cC1jb250ZW50XC91cGxvYWRzXC8yMDIzXC8xMlwvMjc2MDg0OTE1Xzc1MzQ0NjgyNjAxMzY4MF8xODE5NzYzNTI3ODc5NDUyNTVfbi5qcGciLCJzbGlkZXNob3ciOiJhMjViZjhmIn0%3D\" href='https:\/\/osbacanas.com.br\/wp-content\/uploads\/2023\/12\/276084915_753446826013680_181976352787945255_n.jpg'><img loading=\"lazy\" decoding=\"async\" width=\"1080\" height=\"852\" src=\"https:\/\/osbacanas.com.br\/wp-content\/uploads\/2023\/12\/276084915_753446826013680_181976352787945255_n.jpg\" class=\"attachment-full size-full\" alt=\"\" srcset=\"https:\/\/osbacanas.com.br\/wp-content\/uploads\/2023\/12\/276084915_753446826013680_181976352787945255_n.jpg 1080w, https:\/\/osbacanas.com.br\/wp-content\/uploads\/2023\/12\/276084915_753446826013680_181976352787945255_n-300x237.jpg 300w, https:\/\/osbacanas.com.br\/wp-content\/uploads\/2023\/12\/276084915_753446826013680_181976352787945255_n-1024x808.jpg 1024w, https:\/\/osbacanas.com.br\/wp-content\/uploads\/2023\/12\/276084915_753446826013680_181976352787945255_n-768x606.jpg 768w\" sizes=\"(max-width: 1080px) 100vw, 1080px\" \/><\/a>\n\t\t\t<\/div><\/figure><figure class='gallery-item'>\n\t\t\t<div class='gallery-icon landscape'>\n\t\t\t\t<a data-elementor-open-lightbox=\"yes\" data-elementor-lightbox-slideshow=\"a25bf8f\" data-elementor-lightbox-title=\"307593905_100627759472596_4273124568252509032_n\" data-e-action-hash=\"#elementor-action%3Aaction%3Dlightbox%26settings%3DeyJpZCI6MTUsInVybCI6Imh0dHBzOlwvXC9vc2JhY2FuYXMuY29tLmJyXC93cC1jb250ZW50XC91cGxvYWRzXC8yMDIzXC8xMlwvMzA3NTkzOTA1XzEwMDYyNzc1OTQ3MjU5Nl80MjczMTI0NTY4MjUyNTA5MDMyX24uanBnIiwic2xpZGVzaG93IjoiYTI1YmY4ZiJ9\" href='https:\/\/osbacanas.com.br\/wp-content\/uploads\/2023\/12\/307593905_100627759472596_4273124568252509032_n.jpg'><img loading=\"lazy\" decoding=\"async\" width=\"1080\" height=\"810\" src=\"https:\/\/osbacanas.com.br\/wp-content\/uploads\/2023\/12\/307593905_100627759472596_4273124568252509032_n.jpg\" class=\"attachment-full size-full\" alt=\"\" srcset=\"https:\/\/osbacanas.com.br\/wp-content\/uploads\/2023\/12\/307593905_100627759472596_4273124568252509032_n.jpg 1080w, https:\/\/osbacanas.com.br\/wp-content\/uploads\/2023\/12\/307593905_100627759472596_4273124568252509032_n-300x225.jpg 300w, https:\/\/osbacanas.com.br\/wp-content\/uploads\/2023\/12\/307593905_100627759472596_4273124568252509032_n-1024x768.jpg 1024w, https:\/\/osbacanas.com.br\/wp-content\/uploads\/2023\/12\/307593905_100627759472596_4273124568252509032_n-768x576.jpg 768w\" sizes=\"(max-width: 1080px) 100vw, 1080px\" \/><\/a>\n\t\t\t<\/div><\/figure>\n\t\t<\/div>\n\t\t<\/div>\n\t\t\t\t<\/div>\n\t\t\t\t<\/div>\n\t\t\t\t<\/div>\n\t\t\t\t\t\t\t<\/div>\n\t\t","protected":false},"excerpt":{"rendered":"<p>Estamos fazendo mudan\u00e7as aqui. 29 anos de Experi\u00eancia em oferecer a melhorEquipe para Eventos de S\u00e3o Paulo D\u00favidas e Or\u00e7amentos<\/p>\n","protected":false},"author":1,"featured_media":0,"parent":0,"menu_order":0,"comment_status":"closed","ping_status":"closed","template":"elementor_canvas","meta":{"footnotes":""},"_links":{"self":[{"href":"https:\/\/osbacanas.com.br\/index.php\/wp-json\/wp\/v2\/pages\/5"}],"collection":[{"href":"https:\/\/osbacanas.com.br\/index.php\/wp-json\/wp\/v2\/pages"}],"about":[{"href":"https:\/\/osbacanas.com.br\/index.php\/wp-json\/wp\/v2\/types\/page"}],"author":[{"embeddable":true,"href":"https:\/\/osbacanas.com.br\/index.php\/wp-json\/wp\/v2\/users\/1"}],"replies":[{"embeddable":true,"href":"https:\/\/osbacanas.com.br\/index.php\/wp-json\/wp\/v2\/comments?post=5"}],"version-history":[{"count":19,"href":"https:\/\/osbacanas.com.br\/index.php\/wp-json\/wp\/v2\/pages\/5\/revisions"}],"predecessor-version":[{"id":37,"href":"https:\/\/osbacanas.com.br\/index.php\/wp-json\/wp\/v2\/pages\/5\/revisions\/37"}],"wp:attachment":[{"href":"https:\/\/osbacanas.com.br\/index.php\/wp-json\/wp\/v2\/media?parent=5"}],"curies":[{"name":"wp","href":"https:\/\/api.w.org\/{rel}","templated":true}]}}